{"id":5688,"date":"2025-11-03T17:13:08","date_gmt":"2025-11-03T16:13:08","guid":{"rendered":"https:\/\/rtetechnologies.fr\/safemanagement\/?page_id=5688"},"modified":"2025-11-06T16:14:48","modified_gmt":"2025-11-06T15:14:48","slug":"tutoriels_acces","status":"publish","type":"page","link":"https:\/\/rtetechnologies.fr\/safemanagement\/tutoriels_acces\/","title":{"rendered":"Acces tutoriels"},"content":{"rendered":"\t\t<div data-elementor-type=\"wp-page\" data-elementor-id=\"5688\" class=\"elementor elementor-5688\">\n\t\t\t\t<div class=\"elementor-element elementor-element-0084a97 e-flex e-con-boxed e-con e-parent\" data-id=\"0084a97\" data-element_type=\"container\" data-settings=\"{&quot;background_background&quot;:&quot;classic&quot;}\">\n\t\t\t\t\t<div class=\"e-con-inner\">\n\t\t\t\t<div class=\"elementor-element elementor-element-8f9f746 elementor-widget elementor-widget-text-editor\" data-id=\"8f9f746\" data-element_type=\"widget\" data-widget_type=\"text-editor.default\">\n\t\t\t\t<div class=\"elementor-widget-container\">\n\t\t\t\t\t\t\t<h1 style=\"font-size: 80px; color: #ffffff;\">Tutoriels DATI<\/h1>\t\t\t\t\t\t<\/div>\n\t\t\t\t<\/div>\n\t\t\t\t\t<\/div>\n\t\t\t\t<\/div>\n\t\t<div class=\"elementor-element elementor-element-ddf46af e-flex e-con-boxed e-con e-parent\" data-id=\"ddf46af\" data-element_type=\"container\">\n\t\t\t\t\t<div class=\"e-con-inner\">\n\t\t\t\t<div class=\"elementor-element elementor-element-19145a3 elementor-widget elementor-widget-text-editor\" data-id=\"19145a3\" data-element_type=\"widget\" data-widget_type=\"text-editor.default\">\n\t\t\t\t<div class=\"elementor-widget-container\">\n\t\t\t\t\t\t\t<h3><b>NB : un mot de passe est n\u00e9cessaire pour acc\u00e9der aux tutoriels.<\/b><\/h3>\t\t\t\t\t\t<\/div>\n\t\t\t\t<\/div>\n\t\t\t\t\t<\/div>\n\t\t\t\t<\/div>\n\t\t<div class=\"elementor-element elementor-element-86c1952 e-flex e-con-boxed e-con e-parent\" data-id=\"86c1952\" data-element_type=\"container\">\n\t\t\t\t\t<div class=\"e-con-inner\">\n\t\t<div class=\"elementor-element elementor-element-856d692 e-con-full e-flex e-con e-child\" data-id=\"856d692\" data-element_type=\"container\" data-settings=\"{&quot;background_background&quot;:&quot;classic&quot;}\">\n\t\t\t\t<div class=\"elementor-element elementor-element-46527a8 elementor-widget elementor-widget-heading\" data-id=\"46527a8\" data-element_type=\"widget\" data-widget_type=\"heading.default\">\n\t\t\t\t<div class=\"elementor-widget-container\">\n\t\t\t<h2 class=\"elementor-heading-title elementor-size-default\">J'ai un mot de passe :<br><\/h2>\t\t<\/div>\n\t\t\t\t<\/div>\n\t\t\t\t<div class=\"elementor-element elementor-element-6d5a2d6 elementor-widget elementor-widget-shortcode\" data-id=\"6d5a2d6\" data-element_type=\"widget\" data-widget_type=\"shortcode.default\">\n\t\t\t\t<div class=\"elementor-widget-container\">\n\t\t\t\t\t<div class=\"elementor-shortcode\"><!-- Formulaire avec classe unique -->\n\n<div class=\"wpcf7 no-js\" id=\"wpcf7-f5679-o1\" lang=\"fr-FR\" dir=\"ltr\" data-wpcf7-id=\"5679\">\n<div class=\"screen-reader-response\"><p role=\"status\" aria-live=\"polite\" aria-atomic=\"true\"><\/p> <ul><\/ul><\/div>\n<form action=\"\/safemanagement\/wp-json\/wp\/v2\/pages\/5688#wpcf7-f5679-o1\" method=\"post\" class=\"wpcf7-form init form-tuto\" aria-label=\"Formulaire de contact\" novalidate=\"novalidate\" data-status=\"init\">\n<div style=\"display: none;\">\n<input type=\"hidden\" name=\"_wpcf7\" value=\"5679\" \/>\n<input type=\"hidden\" name=\"_wpcf7_version\" value=\"6.0.6\" \/>\n<input type=\"hidden\" name=\"_wpcf7_locale\" value=\"fr_FR\" \/>\n<input type=\"hidden\" name=\"_wpcf7_unit_tag\" value=\"wpcf7-f5679-o1\" \/>\n<input type=\"hidden\" name=\"_wpcf7_container_post\" value=\"0\" \/>\n<input type=\"hidden\" name=\"_wpcf7_posted_data_hash\" value=\"\" \/>\n<input type=\"hidden\" name=\"_wpcf7_recaptcha_response\" value=\"\" \/>\n<\/div>\n<p><label>Saisir votre e-mail (obligatoire) :<\/label>\n<\/p>\n<p><span class=\"wpcf7-form-control-wrap\" data-name=\"your-email\"><input size=\"40\" maxlength=\"400\" class=\"wpcf7-form-control wpcf7-email wpcf7-validates-as-required wpcf7-text wpcf7-validates-as-email\" aria-required=\"true\" aria-invalid=\"false\" placeholder=\"votre@email.com\" value=\"\" type=\"email\" name=\"your-email\" \/><\/span>\n<\/p>\n<p><label><br \/>\nJ\u2019accepte que mon e-mail soit utilis\u00e9 pour le contr\u00f4le d\u2019acc\u00e8s conform\u00e9ment \u00e0 la <a href=\"https:\/\/rtetechnologies.fr\/safemanagement\/politique-de-confidentialite\/\" target=\"_blank\">politique de confidentialit\u00e9<\/a>.<br \/>\n<\/label>\n<\/p>\n<p><input class=\"wpcf7-form-control wpcf7-submit has-spinner\" type=\"submit\" value=\"Continuer\" \/>\n<\/p><p style=\"display: none !important;\" class=\"akismet-fields-container\" data-prefix=\"_wpcf7_ak_\"><label>&#916;<textarea name=\"_wpcf7_ak_hp_textarea\" cols=\"45\" rows=\"8\" maxlength=\"100\"><\/textarea><\/label><input type=\"hidden\" id=\"ak_js_1\" name=\"_wpcf7_ak_js\" value=\"74\"\/><script type=\"text\/javascript\">\n\/* <![CDATA[ *\/\ndocument.getElementById( \"ak_js_1\" ).setAttribute( \"value\", ( new Date() ).getTime() );\n\/* ]]> *\/\n<\/script>\n<\/p><input type='hidden' class='wpcf7-pum' value='{\"closepopup\":false,\"closedelay\":0,\"openpopup\":false,\"openpopup_id\":0}' \/><div class=\"wpcf7-response-output\" aria-hidden=\"true\"><\/div>\n<\/form>\n<\/div>\n\n\n<!-- Script pour popup -->\n<script>\ndocument.addEventListener('wpcf7mailsent', function(event) {\n    if(event.target.classList.contains('form-tuto')) {\n        var w = 1000;\n        var h = 700;\n        var left = (screen.width - w) \/ 2;\n        var top = (screen.height - h) \/ 2;\n        window.open(\n            \"https:\/\/rtetechnologies.fr\/safemanagement\/tutoriels-dati\/\",\n            \"popupWindow\",\n            \"width=\" + w + \",height=\" + h + \",top=\" + top + \",left=\" + left + \",scrollbars=yes,resizable=yes\"\n        );\n    }\n});\n<\/script><\/div>\n\t\t\t\t<\/div>\n\t\t\t\t<\/div>\n\t\t\t\t<\/div>\n\t\t<div class=\"elementor-element elementor-element-5e27934 e-con-full e-flex e-con e-child\" data-id=\"5e27934\" data-element_type=\"container\" data-settings=\"{&quot;background_background&quot;:&quot;classic&quot;}\">\n\t\t\t\t<div class=\"elementor-element elementor-element-b1a570a elementor-widget elementor-widget-heading\" data-id=\"b1a570a\" data-element_type=\"widget\" data-widget_type=\"heading.default\">\n\t\t\t\t<div class=\"elementor-widget-container\">\n\t\t\t<h2 class=\"elementor-heading-title elementor-size-default\">Je n'ai pas de mot de passe :<\/h2>\t\t<\/div>\n\t\t\t\t<\/div>\n\t\t\t\t<div class=\"elementor-element elementor-element-69af88a elementor-widget elementor-widget-html\" data-id=\"69af88a\" data-element_type=\"widget\" data-widget_type=\"html.default\">\n\t\t\t\t<div class=\"elementor-widget-container\">\n\t\t\t<!-- Player vid\u00e9o HTML5 cliquable avec autoplay sans contr\u00f4les -->\r\n<video id=\"videoClick\" width=\"100%\" autoplay muted loop style=\"cursor:pointer;\">\r\n    <source src=\"https:\/\/rtetechnologies.fr\/safemanagement\/wp-content\/uploads\/2025\/11\/cadenas-video.mp4\" type=\"video\/mp4\">\r\n    Votre navigateur ne supporte pas la vid\u00e9o.\r\n<\/video>\r\n\r\n<script>\r\ndocument.addEventListener('DOMContentLoaded', function() {\r\n    var video = document.getElementById('videoClick');\r\n\r\n    if(video){\r\n        \/\/ Curseur pointer pour montrer que c'est cliquable\r\n        video.style.cursor = 'pointer';\r\n\r\n        \/\/ Au clic, ouvre le popup Popup Maker\r\n        video.addEventListener('click', function(e){\r\n            e.preventDefault();\r\n            if(typeof PUM !== 'undefined'){\r\n                PUM.open(5903); \/\/ ID de ton popup\r\n            }\r\n        });\r\n    }\r\n});\r\n<\/script>\r\n\t\t<\/div>\n\t\t\t\t<\/div>\n\t\t\t\t<div class=\"elementor-element elementor-element-019fb3a elementor-widget elementor-widget-heading\" data-id=\"019fb3a\" data-element_type=\"widget\" data-widget_type=\"heading.default\">\n\t\t\t\t<div class=\"elementor-widget-container\">\n\t\t\t<h3 class=\"elementor-heading-title elementor-size-default\"><a href=\"#popmake-5903\">Demander un mot de passe<\/a><\/h3>\t\t<\/div>\n\t\t\t\t<\/div>\n\t\t\t\t<\/div>\n\t\t\t\t\t<\/div>\n\t\t\t\t<\/div>\n\t\t<div class=\"elementor-element elementor-element-c016a94 e-con-full e-flex e-con e-parent\" data-id=\"c016a94\" data-element_type=\"container\">\n\t\t\t\t<div class=\"elementor-element elementor-element-35840d0 elementor-widget-divider--view-line elementor-widget elementor-widget-divider\" data-id=\"35840d0\" data-element_type=\"widget\" data-widget_type=\"divider.default\">\n\t\t\t\t<div class=\"elementor-widget-container\">\n\t\t\t\t\t<div class=\"elementor-divider\">\n\t\t\t<span class=\"elementor-divider-separator\">\n\t\t\t\t\t\t<\/span>\n\t\t<\/div>\n\t\t\t\t<\/div>\n\t\t\t\t<\/div>\n\t\t\t\t<div class=\"elementor-element elementor-element-59f3820 content-align-cta-center elementor-widget elementor-widget-eael-cta-box\" data-id=\"59f3820\" data-element_type=\"widget\" data-widget_type=\"eael-cta-box.default\">\n\t\t\t\t<div class=\"elementor-widget-container\">\n\t\t\t\t\t<div class=\"eael-call-to-action cta-basic bg-lite cta-preset-1\">\n        <h3>Nous sommes \u00e0 votre disposition pour <strong>\u00e9tudier vos projets<\/strong> et rechercher les <strong>solutions les plus adapt\u00e9es.<\/strong><\/h3><a href=\"https:\/\/rtetechnologies.fr\/safemanagement\/contact\/\" class=\"cta-button cta-preset-1  \">CONTACTEZ NOS EXPERTS !<\/a>\t<\/div>\n\t\t\t\t\t\t<\/div>\n\t\t\t\t<\/div>\n\t\t\t\t<\/div>\n\t\t<div class=\"elementor-element elementor-element-939642f e-flex e-con-boxed e-con e-parent\" data-id=\"939642f\" data-element_type=\"container\">\n\t\t\t\t\t<div class=\"e-con-inner\">\n\t\t<div class=\"elementor-element elementor-element-eeb77b9 e-con-full e-flex e-con e-child\" data-id=\"eeb77b9\" data-element_type=\"container\">\n\t\t\t\t<div class=\"elementor-element elementor-element-c6f6857 content-align-cta-right elementor-fixed elementor-hidden-mobile elementor-widget elementor-widget-eael-cta-box\" data-id=\"c6f6857\" data-element_type=\"widget\" data-settings=\"{&quot;_position&quot;:&quot;fixed&quot;}\" data-widget_type=\"eael-cta-box.default\">\n\t\t\t\t<div class=\"elementor-widget-container\">\n\t\t\t\t\t<div class=\"eael-call-to-action cta-basic bg-lite cta-preset-2\">\n        <h3 class=\"title\">Vous souhaitez une pr\u00e9sentation<\/h3><a href=\"https:\/\/calendly.com\/rtetechnologies\/presentation-solution-pti\" class=\"cta-button cta-preset-2 cta-btn-preset-2 effect-1\"><span class=\"btn-icon\"><svg aria-hidden=\"true\" class=\"e-font-icon-svg e-far-calendar-alt\" viewBox=\"0 0 448 512\" xmlns=\"http:\/\/www.w3.org\/2000\/svg\"><path d=\"M148 288h-40c-6.6 0-12-5.4-12-12v-40c0-6.6 5.4-12 12-12h40c6.6 0 12 5.4 12 12v40c0 6.6-5.4 12-12 12zm108-12v-40c0-6.6-5.4-12-12-12h-40c-6.6 0-12 5.4-12 12v40c0 6.6 5.4 12 12 12h40c6.6 0 12-5.4 12-12zm96 0v-40c0-6.6-5.4-12-12-12h-40c-6.6 0-12 5.4-12 12v40c0 6.6 5.4 12 12 12h40c6.6 0 12-5.4 12-12zm-96 96v-40c0-6.6-5.4-12-12-12h-40c-6.6 0-12 5.4-12 12v40c0 6.6 5.4 12 12 12h40c6.6 0 12-5.4 12-12zm-96 0v-40c0-6.6-5.4-12-12-12h-40c-6.6 0-12 5.4-12 12v40c0 6.6 5.4 12 12 12h40c6.6 0 12-5.4 12-12zm192 0v-40c0-6.6-5.4-12-12-12h-40c-6.6 0-12 5.4-12 12v40c0 6.6 5.4 12 12 12h40c6.6 0 12-5.4 12-12zm96-260v352c0 26.5-21.5 48-48 48H48c-26.5 0-48-21.5-48-48V112c0-26.5 21.5-48 48-48h48V12c0-6.6 5.4-12 12-12h40c6.6 0 12 5.4 12 12v52h128V12c0-6.6 5.4-12 12-12h40c6.6 0 12 5.4 12 12v52h48c26.5 0 48 21.5 48 48zm-48 346V160H48v298c0 3.3 2.7 6 6 6h340c3.3 0 6-2.7 6-6z\"><\/path><\/svg><\/span>R\u00e9servez un cr\u00e9neau !<\/a>\t<\/div>\n\t\t\t\t\t\t<\/div>\n\t\t\t\t<\/div>\n\t\t\t\t<\/div>\n\t\t\t\t\t<\/div>\n\t\t\t\t<\/div>\n\t\t\t\t<\/div>\n\t\t","protected":false},"excerpt":{"rendered":"<p>Tutoriels DATI NB : un mot de passe est n\u00e9cessaire pour acc\u00e9der aux tutoriels. J&#8217;ai un mot de passe : Je n&#8217;ai pas de mot de passe : Votre navigateur ne supporte pas la vid\u00e9o. Demander un mot de passe Nous sommes \u00e0 votre disposition pour \u00e9tudier vos projets et rechercher les solutions les plus [&hellip;]<\/p>\n","protected":false},"author":5,"featured_media":0,"parent":0,"menu_order":0,"comment_status":"closed","ping_status":"closed","template":"","meta":{"_monsterinsights_skip_tracking":false,"_monsterinsights_sitenote_active":false,"_monsterinsights_sitenote_note":"","_monsterinsights_sitenote_category":0,"footnotes":""},"class_list":["post-5688","page","type-page","status-publish","hentry"],"yoast_head":"<!-- This site is optimized with the Yoast SEO plugin v25.0 - https:\/\/yoast.com\/wordpress\/plugins\/seo\/ -->\n<title>Tutoriels sur les DATI - Installation - Fonctionnalit\u00e9s<\/title>\n<meta name=\"description\" content=\"D\u00e9couvrez tout ce que vous avez besoin de savoir pour utiliser rapidement les DATI:Installation - Configuration - Fonctionnalit\u00e9s standards et avanc\u00e9es PTI\" \/>\n<meta name=\"robots\" content=\"index, follow, max-snippet:-1, max-image-preview:large, max-video-preview:-1\" \/>\n<link rel=\"canonical\" href=\"https:\/\/rtetechnologies.fr\/safemanagement\/tutoriels_acces\/\" \/>\n<meta property=\"og:locale\" content=\"fr_FR\" \/>\n<meta property=\"og:type\" content=\"article\" \/>\n<meta property=\"og:title\" content=\"Tutoriels sur les DATI - Installation - Fonctionnalit\u00e9s\" \/>\n<meta property=\"og:description\" content=\"D\u00e9couvrez tout ce que vous avez besoin de savoir pour utiliser rapidement les DATI:Installation - Configuration - Fonctionnalit\u00e9s standards et avanc\u00e9es PTI\" \/>\n<meta property=\"og:url\" content=\"https:\/\/rtetechnologies.fr\/safemanagement\/tutoriels_acces\/\" \/>\n<meta property=\"og:site_name\" content=\"SafeManagement\" \/>\n<meta property=\"article:modified_time\" content=\"2025-11-06T15:14:48+00:00\" \/>\n<meta name=\"twitter:card\" content=\"summary_large_image\" \/>\n<meta name=\"twitter:label1\" content=\"Dur\u00e9e de lecture estim\u00e9e\" \/>\n\t<meta name=\"twitter:data1\" content=\"1 minute\" \/>\n<script type=\"application\/ld+json\" class=\"yoast-schema-graph\">{\"@context\":\"https:\/\/schema.org\",\"@graph\":[{\"@type\":\"WebPage\",\"@id\":\"https:\/\/rtetechnologies.fr\/safemanagement\/tutoriels_acces\/\",\"url\":\"https:\/\/rtetechnologies.fr\/safemanagement\/tutoriels_acces\/\",\"name\":\"Tutoriels sur les DATI - Installation - Fonctionnalit\u00e9s\",\"isPartOf\":{\"@id\":\"https:\/\/rtetechnologies.fr\/safemanagement\/#website\"},\"datePublished\":\"2025-11-03T16:13:08+00:00\",\"dateModified\":\"2025-11-06T15:14:48+00:00\",\"description\":\"D\u00e9couvrez tout ce que vous avez besoin de savoir pour utiliser rapidement les DATI:Installation - Configuration - Fonctionnalit\u00e9s standards et avanc\u00e9es PTI\",\"breadcrumb\":{\"@id\":\"https:\/\/rtetechnologies.fr\/safemanagement\/tutoriels_acces\/#breadcrumb\"},\"inLanguage\":\"fr-FR\",\"potentialAction\":[{\"@type\":\"ReadAction\",\"target\":[\"https:\/\/rtetechnologies.fr\/safemanagement\/tutoriels_acces\/\"]}]},{\"@type\":\"BreadcrumbList\",\"@id\":\"https:\/\/rtetechnologies.fr\/safemanagement\/tutoriels_acces\/#breadcrumb\",\"itemListElement\":[{\"@type\":\"ListItem\",\"position\":1,\"name\":\"Accueil\",\"item\":\"https:\/\/rtetechnologies.fr\/safemanagement\/\"},{\"@type\":\"ListItem\",\"position\":2,\"name\":\"Acces tutoriels\"}]},{\"@type\":\"WebSite\",\"@id\":\"https:\/\/rtetechnologies.fr\/safemanagement\/#website\",\"url\":\"https:\/\/rtetechnologies.fr\/safemanagement\/\",\"name\":\"SafeProtect.net\",\"description\":\"La solution d\u00e9di\u00e9e PTI - Protection Travailleur Isol\u00e9\",\"publisher\":{\"@id\":\"https:\/\/rtetechnologies.fr\/safemanagement\/#organization\"},\"potentialAction\":[{\"@type\":\"SearchAction\",\"target\":{\"@type\":\"EntryPoint\",\"urlTemplate\":\"https:\/\/rtetechnologies.fr\/safemanagement\/?s={search_term_string}\"},\"query-input\":{\"@type\":\"PropertyValueSpecification\",\"valueRequired\":true,\"valueName\":\"search_term_string\"}}],\"inLanguage\":\"fr-FR\"},{\"@type\":\"Organization\",\"@id\":\"https:\/\/rtetechnologies.fr\/safemanagement\/#organization\",\"name\":\"Safe Protect\",\"url\":\"https:\/\/rtetechnologies.fr\/safemanagement\/\",\"logo\":{\"@type\":\"ImageObject\",\"inLanguage\":\"fr-FR\",\"@id\":\"https:\/\/rtetechnologies.fr\/safemanagement\/#\/schema\/logo\/image\/\",\"url\":\"https:\/\/rte-technologies.com\/safemanagement\/wp-content\/uploads\/2024\/06\/Logo-Safe-protect-ok.jpg\",\"contentUrl\":\"https:\/\/rte-technologies.com\/safemanagement\/wp-content\/uploads\/2024\/06\/Logo-Safe-protect-ok.jpg\",\"width\":780,\"height\":274,\"caption\":\"Safe Protect\"},\"image\":{\"@id\":\"https:\/\/rtetechnologies.fr\/safemanagement\/#\/schema\/logo\/image\/\"}}]}<\/script>\n<!-- \/ Yoast SEO plugin. -->","yoast_head_json":{"title":"Tutoriels sur les DATI - Installation - Fonctionnalit\u00e9s","description":"D\u00e9couvrez tout ce que vous avez besoin de savoir pour utiliser rapidement les DATI:Installation - Configuration - Fonctionnalit\u00e9s standards et avanc\u00e9es PTI","robots":{"index":"index","follow":"follow","max-snippet":"max-snippet:-1","max-image-preview":"max-image-preview:large","max-video-preview":"max-video-preview:-1"},"canonical":"https:\/\/rtetechnologies.fr\/safemanagement\/tutoriels_acces\/","og_locale":"fr_FR","og_type":"article","og_title":"Tutoriels sur les DATI - Installation - Fonctionnalit\u00e9s","og_description":"D\u00e9couvrez tout ce que vous avez besoin de savoir pour utiliser rapidement les DATI:Installation - Configuration - Fonctionnalit\u00e9s standards et avanc\u00e9es PTI","og_url":"https:\/\/rtetechnologies.fr\/safemanagement\/tutoriels_acces\/","og_site_name":"SafeManagement","article_modified_time":"2025-11-06T15:14:48+00:00","twitter_card":"summary_large_image","twitter_misc":{"Dur\u00e9e de lecture estim\u00e9e":"1 minute"},"schema":{"@context":"https:\/\/schema.org","@graph":[{"@type":"WebPage","@id":"https:\/\/rtetechnologies.fr\/safemanagement\/tutoriels_acces\/","url":"https:\/\/rtetechnologies.fr\/safemanagement\/tutoriels_acces\/","name":"Tutoriels sur les DATI - Installation - Fonctionnalit\u00e9s","isPartOf":{"@id":"https:\/\/rtetechnologies.fr\/safemanagement\/#website"},"datePublished":"2025-11-03T16:13:08+00:00","dateModified":"2025-11-06T15:14:48+00:00","description":"D\u00e9couvrez tout ce que vous avez besoin de savoir pour utiliser rapidement les DATI:Installation - Configuration - Fonctionnalit\u00e9s standards et avanc\u00e9es PTI","breadcrumb":{"@id":"https:\/\/rtetechnologies.fr\/safemanagement\/tutoriels_acces\/#breadcrumb"},"inLanguage":"fr-FR","potentialAction":[{"@type":"ReadAction","target":["https:\/\/rtetechnologies.fr\/safemanagement\/tutoriels_acces\/"]}]},{"@type":"BreadcrumbList","@id":"https:\/\/rtetechnologies.fr\/safemanagement\/tutoriels_acces\/#breadcrumb","itemListElement":[{"@type":"ListItem","position":1,"name":"Accueil","item":"https:\/\/rtetechnologies.fr\/safemanagement\/"},{"@type":"ListItem","position":2,"name":"Acces tutoriels"}]},{"@type":"WebSite","@id":"https:\/\/rtetechnologies.fr\/safemanagement\/#website","url":"https:\/\/rtetechnologies.fr\/safemanagement\/","name":"SafeProtect.net","description":"La solution d\u00e9di\u00e9e PTI - Protection Travailleur Isol\u00e9","publisher":{"@id":"https:\/\/rtetechnologies.fr\/safemanagement\/#organization"},"potentialAction":[{"@type":"SearchAction","target":{"@type":"EntryPoint","urlTemplate":"https:\/\/rtetechnologies.fr\/safemanagement\/?s={search_term_string}"},"query-input":{"@type":"PropertyValueSpecification","valueRequired":true,"valueName":"search_term_string"}}],"inLanguage":"fr-FR"},{"@type":"Organization","@id":"https:\/\/rtetechnologies.fr\/safemanagement\/#organization","name":"Safe Protect","url":"https:\/\/rtetechnologies.fr\/safemanagement\/","logo":{"@type":"ImageObject","inLanguage":"fr-FR","@id":"https:\/\/rtetechnologies.fr\/safemanagement\/#\/schema\/logo\/image\/","url":"https:\/\/rte-technologies.com\/safemanagement\/wp-content\/uploads\/2024\/06\/Logo-Safe-protect-ok.jpg","contentUrl":"https:\/\/rte-technologies.com\/safemanagement\/wp-content\/uploads\/2024\/06\/Logo-Safe-protect-ok.jpg","width":780,"height":274,"caption":"Safe Protect"},"image":{"@id":"https:\/\/rtetechnologies.fr\/safemanagement\/#\/schema\/logo\/image\/"}}]}},"_links":{"self":[{"href":"https:\/\/rtetechnologies.fr\/safemanagement\/wp-json\/wp\/v2\/pages\/5688","targetHints":{"allow":["GET"]}}],"collection":[{"href":"https:\/\/rtetechnologies.fr\/safemanagement\/wp-json\/wp\/v2\/pages"}],"about":[{"href":"https:\/\/rtetechnologies.fr\/safemanagement\/wp-json\/wp\/v2\/types\/page"}],"author":[{"embeddable":true,"href":"https:\/\/rtetechnologies.fr\/safemanagement\/wp-json\/wp\/v2\/users\/5"}],"replies":[{"embeddable":true,"href":"https:\/\/rtetechnologies.fr\/safemanagement\/wp-json\/wp\/v2\/comments?post=5688"}],"version-history":[{"count":0,"href":"https:\/\/rtetechnologies.fr\/safemanagement\/wp-json\/wp\/v2\/pages\/5688\/revisions"}],"wp:attachment":[{"href":"https:\/\/rtetechnologies.fr\/safemanagement\/wp-json\/wp\/v2\/media?parent=5688"}],"curies":[{"name":"wp","href":"https:\/\/api.w.org\/{rel}","templated":true}]}}