{"id":2320,"date":"2024-10-25T16:27:20","date_gmt":"2024-10-25T14:27:20","guid":{"rendered":"https:\/\/rtetechnologies.fr\/safemanagement\/?page_id=2320"},"modified":"2025-10-08T11:51:46","modified_gmt":"2025-10-08T09:51:46","slug":"contact-sw7","status":"publish","type":"page","link":"https:\/\/rtetechnologies.fr\/safemanagement\/contact-sw7\/","title":{"rendered":"CONTACT Safewatch SW7"},"content":{"rendered":"<div>\n<h1>Vous souhaitez des informations \/ une d\u00e9monstration sur la montre multiport <a href=\"https:\/\/rtetechnologies.fr\/safemanagement\/safewatch-sw7\/\">SafeWatch\u00ae SW7<\/a>.<\/h1>\n<h2> Contactez nos experts !<\/h2>\n<\/div>\n<hr>\n<div>\n\n<div class=\"wpcf7 no-js\" id=\"wpcf7-f2318-o1\" lang=\"fr-FR\" dir=\"ltr\" data-wpcf7-id=\"2318\">\n<div class=\"screen-reader-response\"><p role=\"status\" aria-live=\"polite\" aria-atomic=\"true\"><\/p> <ul><\/ul><\/div>\n<form action=\"\/safemanagement\/wp-json\/wp\/v2\/pages\/2320#wpcf7-f2318-o1\" method=\"post\" class=\"wpcf7-form init\" aria-label=\"Formulaire de contact\" novalidate=\"novalidate\" data-status=\"init\">\n<div style=\"display: none;\">\n<input type=\"hidden\" name=\"_wpcf7\" value=\"2318\" \/>\n<input type=\"hidden\" name=\"_wpcf7_version\" value=\"6.0.6\" \/>\n<input type=\"hidden\" name=\"_wpcf7_locale\" value=\"fr_FR\" \/>\n<input type=\"hidden\" name=\"_wpcf7_unit_tag\" value=\"wpcf7-f2318-o1\" \/>\n<input type=\"hidden\" name=\"_wpcf7_container_post\" value=\"0\" \/>\n<input type=\"hidden\" name=\"_wpcf7_posted_data_hash\" value=\"\" \/>\n<input type=\"hidden\" name=\"_wpcf7_recaptcha_response\" value=\"\" \/>\n<\/div>\n<div uk-grid>\n\t<div class=\"uk-width-1-1\">\n\t\t<p><label class=\"uk-form-label\">Message<\/label><br \/>\n<span class=\"wpcf7-form-control-wrap\" data-name=\"message\"><textarea cols=\"40\" rows=\"10\" maxlength=\"2000\" class=\"wpcf7-form-control wpcf7-textarea wpcf7-validates-as-required uk-textarea\" aria-required=\"true\" aria-invalid=\"false\" name=\"message\">Bonjour,\n\nSuite \u00e0 la visite de votre page sur la SafeWatch SW7, je souhaiterais plus d&#039;informations sur cette montre connect\u00e9e PTI-DATI.\nMerci de me recontacter \u00e0 ce sujet.\n\nCordialement.<\/textarea><\/span>\n\t\t<\/p>\n\t<\/div>\n\t<div class=\"uk-width-1-1 uk-width-1-2@m\">\n\t\t<p><label class=\"uk-form-label\">Soci\u00e9t\u00e9 <span class=\"uk-text-danger\">*<\/span><\/label><br \/>\n<span class=\"wpcf7-form-control-wrap\" data-name=\"entreprise\"><input size=\"40\" maxlength=\"400\" class=\"wpcf7-form-control wpcf7-text wpcf7-validates-as-required uk-input\" aria-required=\"true\" aria-invalid=\"false\" value=\"\" type=\"text\" name=\"entreprise\" \/><\/span>\n\t\t<\/p>\n\t<\/div>\n\t<div class=\"uk-width-1-1 uk-width-1-2@m\">\n\t\t<p><label class=\"uk-form-label\">Code postal<span class=\"uk-text-danger\">*<\/span><\/label><br \/>\n<span class=\"wpcf7-form-control-wrap\" data-name=\"zip\"><input size=\"40\" maxlength=\"400\" class=\"wpcf7-form-control wpcf7-text uk-input\" aria-invalid=\"false\" value=\"\" type=\"text\" name=\"zip\" \/><\/span>\n\t\t<\/p>\n\t<\/div>\n\t<div class=\"uk-width-1-1 uk-width-1-2@m\">\n\t\t<p><label class=\"uk-form-label\">Pr\u00e9nom <span class=\"uk-text-danger\">*<\/span><\/label><br \/>\n<span class=\"wpcf7-form-control-wrap\" data-name=\"prenom\"><input size=\"40\" maxlength=\"400\" class=\"wpcf7-form-control wpcf7-text wpcf7-validates-as-required uk-input\" aria-required=\"true\" aria-invalid=\"false\" value=\"\" type=\"text\" name=\"prenom\" \/><\/span>\n\t\t<\/p>\n\t<\/div>\n\t<div class=\"uk-width-1-1 uk-width-1-2@m\">\n\t\t<p><label class=\"uk-form-label\">Nom <span class=\"uk-text-danger\">*<\/span><\/label><br \/>\n<span class=\"wpcf7-form-control-wrap\" data-name=\"nom\"><input size=\"40\" maxlength=\"400\" class=\"wpcf7-form-control wpcf7-text wpcf7-validates-as-required uk-input\" aria-required=\"true\" aria-invalid=\"false\" value=\"\" type=\"text\" name=\"nom\" \/><\/span>\n\t\t<\/p>\n\t<\/div>\n\t<div class=\"uk-width-1-1 uk-width-1-2@m\">\n\t\t<p><label class=\"uk-form-label\">Email <span class=\"uk-text-danger\">*<\/span><\/label><br \/>\n<span class=\"wpcf7-form-control-wrap\" data-name=\"email\"><input size=\"40\" maxlength=\"400\" class=\"wpcf7-form-control wpcf7-email wpcf7-validates-as-required wpcf7-text wpcf7-validates-as-email uk-input\" aria-required=\"true\" aria-invalid=\"false\" value=\"\" type=\"email\" name=\"email\" \/><\/span>\n\t\t<\/p>\n\t<\/div>\n\t<div class=\"uk-width-1-1 uk-width-1-2@m\">\n\t\t<p><label class=\"uk-form-label\">T\u00e9l\u00e9phone<span class=\"uk-text-danger\">*<\/span><\/label><br \/>\n<span class=\"wpcf7-form-control-wrap\" data-name=\"tel\"><input size=\"40\" maxlength=\"400\" class=\"wpcf7-form-control wpcf7-tel wpcf7-validates-as-required wpcf7-text wpcf7-validates-as-tel uk-input\" aria-required=\"true\" aria-invalid=\"false\" value=\"\" type=\"tel\" name=\"tel\" \/><\/span>\n\t\t<\/p>\n\t<\/div>\n\t<div class=\"uk-width-1-1\">\n\t\t<p><label class=\"uk-checkbox-wrapper uk-text-small\"><br \/>\n<span class=\"wpcf7-form-control-wrap\" data-name=\"RGPD\"><span class=\"wpcf7-form-control wpcf7-checkbox wpcf7-validates-as-required\"><span class=\"wpcf7-list-item first last\"><input type=\"checkbox\" name=\"RGPD[]\" value=\"En soumettant ce formulaire, j&#039;accepte que les informations saisies soient exploit\u00e9es dans le cadre de la demande de contact et de la relation commerciale qui peut en d\u00e9couler.\" \/><span class=\"wpcf7-list-item-label\">En soumettant ce formulaire, j&#039;accepte que les informations saisies soient exploit\u00e9es dans le cadre de la demande de contact et de la relation commerciale qui peut en d\u00e9couler.<\/span><\/span><\/span><\/span><\/label>\n\t\t<\/p>\n\t<\/div>\n\t<div class=\"uk-width-1-1\" style=\"text-align:center;\">\n\t\t<p><input class=\"wpcf7-form-control wpcf7-submit has-spinner uk-button uk-button-primary\" type=\"submit\" value=\"Envoyer\" \/>\n\t\t<\/p>\n\t<\/div>\n\t<p style=\"text-align:center; font-size:13px; color: #555;\">Ce formulaire est prot\u00e9g\u00e9 par <strong>reCAPTCHA v3<\/strong>.\n\t<\/p>\n\n<\/div><p style=\"display: none !important;\" class=\"akismet-fields-container\" data-prefix=\"_wpcf7_ak_\"><label>&#916;<textarea name=\"_wpcf7_ak_hp_textarea\" cols=\"45\" rows=\"8\" maxlength=\"100\"><\/textarea><\/label><input type=\"hidden\" id=\"ak_js_1\" name=\"_wpcf7_ak_js\" value=\"106\"\/><script>document.getElementById( \"ak_js_1\" ).setAttribute( \"value\", ( new Date() ).getTime() );<\/script><\/p><input type='hidden' class='wpcf7-pum' value='{\"closepopup\":false,\"closedelay\":0,\"openpopup\":false,\"openpopup_id\":0}' \/><div class=\"wpcf7-response-output\" aria-hidden=\"true\"><\/div>\n<\/form>\n<\/div>\n<\/div>\n<p><img decoding=\"async\" src=\"\/safemanagement\/wp-content\/uploads\/2024\/10\/Contact-SW7.webp\" alt=\"Contactez-nous pour toutes informations sur la SafeWatch SW7.\"><\/p>\n<div>\n<p><\/p>\n<\/p>\n<h4><strong>T\u00e9l\u00e9phone<\/strong> : <br \/>+33 4 89 87 10 70<\/p>\n<p><strong>Email<\/strong> : <br \/>info@rtetechnologies.fr<\/p>\n<p><strong>Adresse<\/strong> : <br \/>All\u00e9e Charles-Victor Naudin 06410<br \/>Biot &#8211; Sophia Antipolis<\/h4>\n<\/div>\n<p><!--more--><br \/>\n<!-- {\"type\":\"layout\",\"children\":[{\"type\":\"section\",\"props\":{\"image_position\":\"center-center\",\"padding\":\"xsmall\",\"style\":\"default\",\"title_breakpoint\":\"xl\",\"title_position\":\"top-left\",\"title_rotation\":\"left\",\"vertical_align\":\"middle\",\"width\":\"default\"},\"children\":[{\"type\":\"row\",\"children\":[{\"type\":\"column\",\"props\":{\"image_position\":\"center-center\",\"position_sticky_breakpoint\":\"m\"},\"children\":[{\"type\":\"text\",\"props\":{\"column_breakpoint\":\"m\",\"content\":\"\n\n<h1>Vous souhaitez des informations \\\/ une d\\u00e9monstration sur la montre multiport <a href=\\\"https:\\\/\\\/rtetechnologies.fr\\\/safemanagement\\\/safewatch-sw7\\\/\\\">SafeWatch\\u00ae SW7<\\\/a>.<\\\/h1>\n\n<h2> Contactez nos experts !<\\\/h2>\",\"margin\":\"default\"}}]}]}]},{\"type\":\"section\",\"props\":{\"image_position\":\"center-center\",\"padding\":\"xsmall\",\"style\":\"default\",\"title_breakpoint\":\"xl\",\"title_position\":\"top-left\",\"title_rotation\":\"left\",\"vertical_align\":\"middle\",\"width\":\"default\"},\"children\":[{\"type\":\"row\",\"children\":[{\"type\":\"column\",\"props\":{\"image_position\":\"center-center\",\"position_sticky_breakpoint\":\"m\"},\"children\":[{\"type\":\"divider\",\"props\":{\"divider_element\":\"hr\"}},{\"type\":\"html\",\"props\":{\"content\":\"[contact-form-7 id=\\\"6fdf396\\\" title=\\\"Contact_SW7\\\"]\"}}]}]}]},{\"type\":\"section\",\"props\":{\"image_position\":\"center-center\",\"padding\":\"xsmall\",\"style\":\"default\",\"title_breakpoint\":\"xl\",\"title_position\":\"top-left\",\"title_rotation\":\"left\",\"vertical_align\":\"middle\",\"width\":\"default\"},\"children\":[{\"type\":\"row\",\"props\":{\"layout\":\"2-3,1-3\"},\"children\":[{\"type\":\"column\",\"props\":{\"image_position\":\"center-center\",\"position_sticky_breakpoint\":\"m\",\"width_medium\":\"2-3\"},\"children\":[{\"type\":\"image\",\"props\":{\"image\":\"wp-content\\\/uploads\\\/2024\\\/10\\\/Contact-SW7.webp\",\"image_alt\":\"Contactez-nous pour toutes informations sur la SafeWatch SW7.\",\"image_svg_color\":\"emphasis\",\"margin\":\"default\",\"text_align\":\"center\"}}]},{\"type\":\"column\",\"props\":{\"image_position\":\"center-center\",\"position_sticky_breakpoint\":\"m\",\"width_medium\":\"1-3\"},\"children\":[{\"type\":\"text\",\"props\":{\"column_breakpoint\":\"m\",\"content\":\"\n\n<p><br \\\/><br \\\/><br \\\/><\\\/p>\\n\n\n<p><\\\/p>\\n\n\n<h4><strong>T\\u00e9l\\u00e9phone<\\\/strong> : <br \\\/>+33 4 89 87 10 70<br \\\/><br \\\/><strong>Email<\\\/strong> : <br \\\/>info@rtetechnologies.fr<br \\\/><br \\\/><strong>Adresse<\\\/strong> : <br \\\/>All\\u00e9e Charles-Victor Naudin 06410<br \\\/>Biot - Sophia Antipolis<\\\/h4>\",\"margin\":\"default\"}}]}]}]}],\"version\":\"4.3.6\"} --><\/p>\n","protected":false},"excerpt":{"rendered":"<p>Vous souhaitez des informations \/ une d\u00e9monstration sur la montre multiport SafeWatch\u00ae SW7. Contactez nos experts ! T\u00e9l\u00e9phone : +33 4 89 87 10 70 Email : info@rtetechnologies.fr Adresse : All\u00e9e Charles-Victor Naudin 06410Biot &#8211; Sophia Antipolis<\/p>\n","protected":false},"author":5,"featured_media":0,"parent":0,"menu_order":0,"comment_status":"closed","ping_status":"closed","template":"","meta":{"_monsterinsights_skip_tracking":false,"_monsterinsights_sitenote_active":false,"_monsterinsights_sitenote_note":"","_monsterinsights_sitenote_category":0,"footnotes":""},"class_list":["post-2320","page","type-page","status-publish","hentry"],"yoast_head":"<!-- This site is optimized with the Yoast SEO plugin v25.0 - https:\/\/yoast.com\/wordpress\/plugins\/seo\/ -->\n<title>Questions sur la montre SafeWatch SW7 ? Contactez-nous!<\/title>\n<meta name=\"description\" content=\"Vous avez un projet de s\u00e9curit\u00e9 PTI? Vous souhaitez tout savoir sur les fonctionnalit\u00e9s de la montre connect\u00e9e PTI SafeWatch SW7? Contactez nos experts PTI\" \/>\n<meta name=\"robots\" content=\"index, follow, max-snippet:-1, max-image-preview:large, max-video-preview:-1\" \/>\n<link rel=\"canonical\" href=\"https:\/\/rtetechnologies.fr\/safemanagement\/contact-sw7\/\" \/>\n<meta property=\"og:locale\" content=\"fr_FR\" \/>\n<meta property=\"og:type\" content=\"article\" \/>\n<meta property=\"og:title\" content=\"Questions sur la montre SafeWatch SW7 ? Contactez-nous!\" \/>\n<meta property=\"og:description\" content=\"Vous avez un projet de s\u00e9curit\u00e9 PTI? Vous souhaitez tout savoir sur les fonctionnalit\u00e9s de la montre connect\u00e9e PTI SafeWatch SW7? Contactez nos experts PTI\" \/>\n<meta property=\"og:url\" content=\"https:\/\/rtetechnologies.fr\/safemanagement\/contact-sw7\/\" \/>\n<meta property=\"og:site_name\" content=\"SafeManagement\" \/>\n<meta property=\"article:modified_time\" content=\"2025-10-08T09:51:46+00:00\" \/>\n<meta name=\"twitter:card\" content=\"summary_large_image\" \/>\n<meta name=\"twitter:label1\" content=\"Dur\u00e9e de lecture estim\u00e9e\" \/>\n\t<meta name=\"twitter:data1\" content=\"1 minute\" \/>\n<script type=\"application\/ld+json\" class=\"yoast-schema-graph\">{\"@context\":\"https:\/\/schema.org\",\"@graph\":[{\"@type\":\"WebPage\",\"@id\":\"https:\/\/rtetechnologies.fr\/safemanagement\/contact-sw7\/\",\"url\":\"https:\/\/rtetechnologies.fr\/safemanagement\/contact-sw7\/\",\"name\":\"Questions sur la montre SafeWatch SW7 ? Contactez-nous!\",\"isPartOf\":{\"@id\":\"https:\/\/rtetechnologies.fr\/safemanagement\/#website\"},\"datePublished\":\"2024-10-25T14:27:20+00:00\",\"dateModified\":\"2025-10-08T09:51:46+00:00\",\"description\":\"Vous avez un projet de s\u00e9curit\u00e9 PTI? Vous souhaitez tout savoir sur les fonctionnalit\u00e9s de la montre connect\u00e9e PTI SafeWatch SW7? Contactez nos experts PTI\",\"breadcrumb\":{\"@id\":\"https:\/\/rtetechnologies.fr\/safemanagement\/contact-sw7\/#breadcrumb\"},\"inLanguage\":\"fr-FR\",\"potentialAction\":[{\"@type\":\"ReadAction\",\"target\":[\"https:\/\/rtetechnologies.fr\/safemanagement\/contact-sw7\/\"]}]},{\"@type\":\"BreadcrumbList\",\"@id\":\"https:\/\/rtetechnologies.fr\/safemanagement\/contact-sw7\/#breadcrumb\",\"itemListElement\":[{\"@type\":\"ListItem\",\"position\":1,\"name\":\"Accueil\",\"item\":\"https:\/\/rtetechnologies.fr\/safemanagement\/\"},{\"@type\":\"ListItem\",\"position\":2,\"name\":\"CONTACT Safewatch SW7\"}]},{\"@type\":\"WebSite\",\"@id\":\"https:\/\/rtetechnologies.fr\/safemanagement\/#website\",\"url\":\"https:\/\/rtetechnologies.fr\/safemanagement\/\",\"name\":\"SafeProtect.net\",\"description\":\"La solution d\u00e9di\u00e9e PTI - Protection Travailleur Isol\u00e9\",\"publisher\":{\"@id\":\"https:\/\/rtetechnologies.fr\/safemanagement\/#organization\"},\"potentialAction\":[{\"@type\":\"SearchAction\",\"target\":{\"@type\":\"EntryPoint\",\"urlTemplate\":\"https:\/\/rtetechnologies.fr\/safemanagement\/?s={search_term_string}\"},\"query-input\":{\"@type\":\"PropertyValueSpecification\",\"valueRequired\":true,\"valueName\":\"search_term_string\"}}],\"inLanguage\":\"fr-FR\"},{\"@type\":\"Organization\",\"@id\":\"https:\/\/rtetechnologies.fr\/safemanagement\/#organization\",\"name\":\"Safe Protect\",\"url\":\"https:\/\/rtetechnologies.fr\/safemanagement\/\",\"logo\":{\"@type\":\"ImageObject\",\"inLanguage\":\"fr-FR\",\"@id\":\"https:\/\/rtetechnologies.fr\/safemanagement\/#\/schema\/logo\/image\/\",\"url\":\"https:\/\/rte-technologies.com\/safemanagement\/wp-content\/uploads\/2024\/06\/Logo-Safe-protect-ok.jpg\",\"contentUrl\":\"https:\/\/rte-technologies.com\/safemanagement\/wp-content\/uploads\/2024\/06\/Logo-Safe-protect-ok.jpg\",\"width\":780,\"height\":274,\"caption\":\"Safe Protect\"},\"image\":{\"@id\":\"https:\/\/rtetechnologies.fr\/safemanagement\/#\/schema\/logo\/image\/\"}}]}<\/script>\n<!-- \/ Yoast SEO plugin. -->","yoast_head_json":{"title":"Questions sur la montre SafeWatch SW7 ? Contactez-nous!","description":"Vous avez un projet de s\u00e9curit\u00e9 PTI? Vous souhaitez tout savoir sur les fonctionnalit\u00e9s de la montre connect\u00e9e PTI SafeWatch SW7? Contactez nos experts PTI","robots":{"index":"index","follow":"follow","max-snippet":"max-snippet:-1","max-image-preview":"max-image-preview:large","max-video-preview":"max-video-preview:-1"},"canonical":"https:\/\/rtetechnologies.fr\/safemanagement\/contact-sw7\/","og_locale":"fr_FR","og_type":"article","og_title":"Questions sur la montre SafeWatch SW7 ? Contactez-nous!","og_description":"Vous avez un projet de s\u00e9curit\u00e9 PTI? Vous souhaitez tout savoir sur les fonctionnalit\u00e9s de la montre connect\u00e9e PTI SafeWatch SW7? Contactez nos experts PTI","og_url":"https:\/\/rtetechnologies.fr\/safemanagement\/contact-sw7\/","og_site_name":"SafeManagement","article_modified_time":"2025-10-08T09:51:46+00:00","twitter_card":"summary_large_image","twitter_misc":{"Dur\u00e9e de lecture estim\u00e9e":"1 minute"},"schema":{"@context":"https:\/\/schema.org","@graph":[{"@type":"WebPage","@id":"https:\/\/rtetechnologies.fr\/safemanagement\/contact-sw7\/","url":"https:\/\/rtetechnologies.fr\/safemanagement\/contact-sw7\/","name":"Questions sur la montre SafeWatch SW7 ? Contactez-nous!","isPartOf":{"@id":"https:\/\/rtetechnologies.fr\/safemanagement\/#website"},"datePublished":"2024-10-25T14:27:20+00:00","dateModified":"2025-10-08T09:51:46+00:00","description":"Vous avez un projet de s\u00e9curit\u00e9 PTI? Vous souhaitez tout savoir sur les fonctionnalit\u00e9s de la montre connect\u00e9e PTI SafeWatch SW7? Contactez nos experts PTI","breadcrumb":{"@id":"https:\/\/rtetechnologies.fr\/safemanagement\/contact-sw7\/#breadcrumb"},"inLanguage":"fr-FR","potentialAction":[{"@type":"ReadAction","target":["https:\/\/rtetechnologies.fr\/safemanagement\/contact-sw7\/"]}]},{"@type":"BreadcrumbList","@id":"https:\/\/rtetechnologies.fr\/safemanagement\/contact-sw7\/#breadcrumb","itemListElement":[{"@type":"ListItem","position":1,"name":"Accueil","item":"https:\/\/rtetechnologies.fr\/safemanagement\/"},{"@type":"ListItem","position":2,"name":"CONTACT Safewatch SW7"}]},{"@type":"WebSite","@id":"https:\/\/rtetechnologies.fr\/safemanagement\/#website","url":"https:\/\/rtetechnologies.fr\/safemanagement\/","name":"SafeProtect.net","description":"La solution d\u00e9di\u00e9e PTI - Protection Travailleur Isol\u00e9","publisher":{"@id":"https:\/\/rtetechnologies.fr\/safemanagement\/#organization"},"potentialAction":[{"@type":"SearchAction","target":{"@type":"EntryPoint","urlTemplate":"https:\/\/rtetechnologies.fr\/safemanagement\/?s={search_term_string}"},"query-input":{"@type":"PropertyValueSpecification","valueRequired":true,"valueName":"search_term_string"}}],"inLanguage":"fr-FR"},{"@type":"Organization","@id":"https:\/\/rtetechnologies.fr\/safemanagement\/#organization","name":"Safe Protect","url":"https:\/\/rtetechnologies.fr\/safemanagement\/","logo":{"@type":"ImageObject","inLanguage":"fr-FR","@id":"https:\/\/rtetechnologies.fr\/safemanagement\/#\/schema\/logo\/image\/","url":"https:\/\/rte-technologies.com\/safemanagement\/wp-content\/uploads\/2024\/06\/Logo-Safe-protect-ok.jpg","contentUrl":"https:\/\/rte-technologies.com\/safemanagement\/wp-content\/uploads\/2024\/06\/Logo-Safe-protect-ok.jpg","width":780,"height":274,"caption":"Safe Protect"},"image":{"@id":"https:\/\/rtetechnologies.fr\/safemanagement\/#\/schema\/logo\/image\/"}}]}},"_links":{"self":[{"href":"https:\/\/rtetechnologies.fr\/safemanagement\/wp-json\/wp\/v2\/pages\/2320","targetHints":{"allow":["GET"]}}],"collection":[{"href":"https:\/\/rtetechnologies.fr\/safemanagement\/wp-json\/wp\/v2\/pages"}],"about":[{"href":"https:\/\/rtetechnologies.fr\/safemanagement\/wp-json\/wp\/v2\/types\/page"}],"author":[{"embeddable":true,"href":"https:\/\/rtetechnologies.fr\/safemanagement\/wp-json\/wp\/v2\/users\/5"}],"replies":[{"embeddable":true,"href":"https:\/\/rtetechnologies.fr\/safemanagement\/wp-json\/wp\/v2\/comments?post=2320"}],"version-history":[{"count":0,"href":"https:\/\/rtetechnologies.fr\/safemanagement\/wp-json\/wp\/v2\/pages\/2320\/revisions"}],"wp:attachment":[{"href":"https:\/\/rtetechnologies.fr\/safemanagement\/wp-json\/wp\/v2\/media?parent=2320"}],"curies":[{"name":"wp","href":"https:\/\/api.w.org\/{rel}","templated":true}]}}